{"id":90,"date":"2022-06-09T13:06:32","date_gmt":"2022-06-09T11:06:32","guid":{"rendered":"http:\/\/otoziolo.pl\/?page_id=90"},"modified":"2022-06-09T13:20:05","modified_gmt":"2022-06-09T11:20:05","slug":"rodo","status":"publish","type":"page","link":"http:\/\/otoziolo.pl\/index.php\/rodo\/","title":{"rendered":"Rodo"},"content":{"rendered":"\n<h3 class=\"wp-block-heading\">Zapoznaj si\u0119 z naszymi dokumentami prawnymi. S\u0105 dost\u0119pne do pobrania poni\u017cej.<\/h3>\n\n\n\n<div style=\"height:70px\" aria-hidden=\"true\" class=\"wp-block-spacer\"><\/div>\n\n\n\n<div class=\"wp-block-file\"><a id=\"wp-block-file--media-ef349429-f90b-4bff-a8da-f03065bd1c69\" href=\"http:\/\/otoziolo.pl\/wp-content\/uploads\/2022\/06\/01._Polityka_prywatnosci.pdf\" target=\"_blank\" rel=\"noreferrer noopener\">01._Polityka_prywatnosci<\/a><a href=\"http:\/\/otoziolo.pl\/wp-content\/uploads\/2022\/06\/01._Polityka_prywatnosci.pdf\" class=\"wp-block-file__button\" download aria-describedby=\"wp-block-file--media-ef349429-f90b-4bff-a8da-f03065bd1c69\">Pobierz<\/a><\/div>\n\n\n\n<div class=\"wp-block-file\"><a id=\"wp-block-file--media-9edd6007-bff3-482a-8485-e7f724fc8571\" href=\"http:\/\/otoziolo.pl\/wp-content\/uploads\/2022\/06\/02._Klauzula_Informacyjna.pdf\" target=\"_blank\" rel=\"noreferrer noopener\">02._Klauzula_Informacyjna<\/a><a href=\"http:\/\/otoziolo.pl\/wp-content\/uploads\/2022\/06\/02._Klauzula_Informacyjna.pdf\" class=\"wp-block-file__button\" download aria-describedby=\"wp-block-file--media-9edd6007-bff3-482a-8485-e7f724fc8571\">Pobierz<\/a><\/div>\n\n\n\n<div class=\"wp-block-file\"><a id=\"wp-block-file--media-49f38647-ef91-4ad3-b69a-44befc95e826\" href=\"http:\/\/otoziolo.pl\/wp-content\/uploads\/2022\/06\/03._Transfer_danych.pdf\" target=\"_blank\" rel=\"noreferrer noopener\">03._Transfer_danych<\/a><a href=\"http:\/\/otoziolo.pl\/wp-content\/uploads\/2022\/06\/03._Transfer_danych.pdf\" class=\"wp-block-file__button\" download aria-describedby=\"wp-block-file--media-49f38647-ef91-4ad3-b69a-44befc95e826\">Pobierz<\/a><\/div>\n","protected":false},"excerpt":{"rendered":"<p>Zapoznaj si\u0119 z naszymi dokumentami prawnymi. S\u0105 dost\u0119pne do pobrania poni\u017cej.<\/p>\n","protected":false},"author":1,"featured_media":0,"parent":0,"menu_order":0,"comment_status":"closed","ping_status":"closed","template":"","meta":{"footnotes":""},"class_list":["post-90","page","type-page","status-publish","hentry"],"_links":{"self":[{"href":"http:\/\/otoziolo.pl\/index.php\/wp-json\/wp\/v2\/pages\/90","targetHints":{"allow":["GET"]}}],"collection":[{"href":"http:\/\/otoziolo.pl\/index.php\/wp-json\/wp\/v2\/pages"}],"about":[{"href":"http:\/\/otoziolo.pl\/index.php\/wp-json\/wp\/v2\/types\/page"}],"author":[{"embeddable":true,"href":"http:\/\/otoziolo.pl\/index.php\/wp-json\/wp\/v2\/users\/1"}],"replies":[{"embeddable":true,"href":"http:\/\/otoziolo.pl\/index.php\/wp-json\/wp\/v2\/comments?post=90"}],"version-history":[{"count":8,"href":"http:\/\/otoziolo.pl\/index.php\/wp-json\/wp\/v2\/pages\/90\/revisions"}],"predecessor-version":[{"id":109,"href":"http:\/\/otoziolo.pl\/index.php\/wp-json\/wp\/v2\/pages\/90\/revisions\/109"}],"wp:attachment":[{"href":"http:\/\/otoziolo.pl\/index.php\/wp-json\/wp\/v2\/media?parent=90"}],"curies":[{"name":"wp","href":"https:\/\/api.w.org\/{rel}","templated":true}]}}